{"id":11258,"date":"2021-09-29T15:10:38","date_gmt":"2021-09-29T13:10:38","guid":{"rendered":"https:\/\/collenda.com\/?page_id=11258"},"modified":"2025-09-01T12:13:26","modified_gmt":"2025-09-01T10:13:26","slug":"service-login","status":"publish","type":"page","link":"https:\/\/collenda.com\/de\/service-login\/","title":{"rendered":"Service-Login"},"content":{"rendered":"<div class=\"fusion-fullwidth fullwidth-box fusion-builder-row-1 fusion-flex-container nonhundred-percent-fullwidth non-hundred-percent-height-scrolling\" style=\"--awb-border-radius-top-left:0px;--awb-border-radius-top-right:0px;--awb-border-radius-bottom-right:0px;--awb-border-radius-bottom-left:0px;--awb-flex-wrap:wrap;\" ><div class=\"fusion-builder-row fusion-row fusion-flex-align-items-flex-start fusion-flex-content-wrap\" style=\"max-width:1397.76px;margin-left: calc(-4% \/ 2 );margin-right: calc(-4% \/ 2 );\"><div class=\"fusion-layout-column fusion_builder_column fusion-builder-column-0 fusion_builder_column_1_6 1_6 fusion-flex-column\" style=\"--awb-bg-size:cover;--awb-width-large:16.6666666667%;--awb-margin-top-large:0px;--awb-spacing-right-large:11.52%;--awb-margin-bottom-large:20px;--awb-spacing-left-large:11.52%;--awb-width-medium:16.6666666667%;--awb-order-medium:0;--awb-spacing-right-medium:11.52%;--awb-spacing-left-medium:11.52%;--awb-width-small:100%;--awb-order-small:0;--awb-spacing-right-small:1.92%;--awb-spacing-left-small:1.92%;\"><div class=\"fusion-column-wrapper fusion-column-has-shadow fusion-flex-justify-content-flex-start fusion-content-layout-column\"><\/div><\/div><div class=\"fusion-layout-column fusion_builder_column fusion-builder-column-1 fusion_builder_column_2_3 2_3 fusion-flex-column\" style=\"--awb-padding-top:10px;--awb-padding-right:20px;--awb-padding-bottom:20px;--awb-padding-left:20px;--awb-overflow:hidden;--awb-bg-size:cover;--awb-border-color:#cccccc;--awb-border-top:1px;--awb-border-right:1px;--awb-border-bottom:1px;--awb-border-left:1px;--awb-border-style:solid;--awb-border-radius:4px 4px 4px 4px;--awb-width-large:66.6666666667%;--awb-margin-top-large:0px;--awb-spacing-right-large:2.88%;--awb-margin-bottom-large:20px;--awb-spacing-left-large:2.88%;--awb-width-medium:66.6666666667%;--awb-order-medium:0;--awb-spacing-right-medium:2.88%;--awb-spacing-left-medium:2.88%;--awb-width-small:100%;--awb-order-small:0;--awb-spacing-right-small:1.92%;--awb-spacing-left-small:1.92%;\"><div class=\"fusion-column-wrapper fusion-column-has-shadow fusion-flex-justify-content-flex-start fusion-content-layout-column\"><div class=\"fusion-builder-row fusion-builder-row-inner fusion-row fusion-flex-align-items-flex-start fusion-flex-content-wrap\" style=\"--awb-flex-grow:0;--awb-flex-grow-medium:0;--awb-flex-grow-small:0;--awb-flex-shrink:0;--awb-flex-shrink-medium:0;--awb-flex-shrink-small:0;width:104% !important;max-width:104% !important;margin-left: calc(-4% \/ 2 );margin-right: calc(-4% \/ 2 );\"><div class=\"fusion-layout-column fusion_builder_column_inner fusion-builder-nested-column-0 fusion_builder_column_inner_1_3 1_3 fusion-flex-column\" style=\"--awb-bg-size:cover;--awb-width-large:33.3333333333%;--awb-margin-top-large:0px;--awb-spacing-right-large:5.76%;--awb-margin-bottom-large:20px;--awb-spacing-left-large:5.76%;--awb-width-medium:33.3333333333%;--awb-order-medium:0;--awb-spacing-right-medium:5.76%;--awb-spacing-left-medium:5.76%;--awb-width-small:100%;--awb-order-small:0;--awb-spacing-right-small:1.92%;--awb-spacing-left-small:1.92%;\"><div class=\"fusion-column-wrapper fusion-column-has-shadow fusion-flex-justify-content-flex-start fusion-content-layout-column\"><div ><a class=\"fusion-button button-flat fusion-button-default-size button-custom fusion-button-default button-1 fusion-button-span-yes fusion-button-default-type\" style=\"--button_accent_color:#ffffff;--button_accent_hover_color:#ffffff;--button_border_hover_color:#ffffff;--button_gradient_top_color:#a2bac2;--button_gradient_bottom_color:#a2bac2;--button_gradient_top_color_hover:#00ce7c;--button_gradient_bottom_color_hover:#00ce7c;\" target=\"_blank\" rel=\"noopener noreferrer\" href=\"https:\/\/aryza-europe.atlassian.net\/servicedesk\/customer\/portal\/5\"><span class=\"fusion-button-text awb-button__text awb-button__text--default\">Login Service-Portal<\/span><\/a><\/div><\/div><\/div><div class=\"fusion-layout-column fusion_builder_column_inner fusion-builder-nested-column-1 fusion_builder_column_inner_2_3 2_3 fusion-flex-column\" style=\"--awb-bg-size:cover;--awb-width-large:66.6666666667%;--awb-margin-top-large:0px;--awb-spacing-right-large:2.88%;--awb-margin-bottom-large:20px;--awb-spacing-left-large:2.88%;--awb-width-medium:66.6666666667%;--awb-order-medium:0;--awb-spacing-right-medium:2.88%;--awb-spacing-left-medium:2.88%;--awb-width-small:100%;--awb-order-small:0;--awb-spacing-right-small:1.92%;--awb-spacing-left-small:1.92%;\"><div class=\"fusion-column-wrapper fusion-column-has-shadow fusion-flex-justify-content-flex-start fusion-content-layout-column\"><div class=\"fusion-text fusion-text-1\"><p>\u00dcber unser Service Portal k\u00f6nnen Sie Supportanfragen stellen, eine St\u00f6rung melden und jederzeit den Status Ihrer bestehenden Anfragen einsehen.<\/p>\n<\/div><\/div><\/div><\/div><div class=\"fusion-builder-row fusion-builder-row-inner fusion-row fusion-flex-align-items-flex-start fusion-flex-content-wrap\" style=\"--awb-flex-grow:0;--awb-flex-grow-medium:0;--awb-flex-grow-small:0;--awb-flex-shrink:0;--awb-flex-shrink-medium:0;--awb-flex-shrink-small:0;width:104% !important;max-width:104% !important;margin-left: calc(-4% \/ 2 );margin-right: calc(-4% \/ 2 );\"><div class=\"fusion-layout-column fusion_builder_column_inner fusion-builder-nested-column-2 fusion_builder_column_inner_1_3 1_3 fusion-flex-column\" style=\"--awb-bg-size:cover;--awb-width-large:33.3333333333%;--awb-margin-top-large:0px;--awb-spacing-right-large:5.76%;--awb-margin-bottom-large:20px;--awb-spacing-left-large:5.76%;--awb-width-medium:33.3333333333%;--awb-order-medium:0;--awb-spacing-right-medium:5.76%;--awb-spacing-left-medium:5.76%;--awb-width-small:100%;--awb-order-small:0;--awb-spacing-right-small:1.92%;--awb-spacing-left-small:1.92%;\"><div class=\"fusion-column-wrapper fusion-column-has-shadow fusion-flex-justify-content-flex-start fusion-content-layout-column\"><div ><a class=\"fusion-button button-flat fusion-button-default-size button-custom fusion-button-default button-2 fusion-button-default-span fusion-button-default-type\" style=\"--button_accent_color:#ffffff;--button_accent_hover_color:#ffffff;--button_border_hover_color:#ffffff;--button_gradient_top_color:#a2bac2;--button_gradient_bottom_color:#a2bac2;--button_gradient_top_color_hover:#24ce7b;--button_gradient_bottom_color_hover:#24ce7b;\" target=\"_self\" href=\"https:\/\/collenda.com\/de\/service\/\"><span class=\"fusion-button-text awb-button__text awb-button__text--default\">Login Download-Bereich<\/span><\/a><\/div><\/div><\/div><div class=\"fusion-layout-column fusion_builder_column_inner fusion-builder-nested-column-3 fusion_builder_column_inner_2_3 2_3 fusion-flex-column\" style=\"--awb-bg-size:cover;--awb-width-large:66.6666666667%;--awb-margin-top-large:0px;--awb-spacing-right-large:2.88%;--awb-margin-bottom-large:20px;--awb-spacing-left-large:2.88%;--awb-width-medium:66.6666666667%;--awb-order-medium:0;--awb-spacing-right-medium:2.88%;--awb-spacing-left-medium:2.88%;--awb-width-small:100%;--awb-order-small:0;--awb-spacing-right-small:1.92%;--awb-spacing-left-small:1.92%;\"><div class=\"fusion-column-wrapper fusion-column-has-shadow fusion-flex-justify-content-flex-start fusion-content-layout-column\"><div class=\"fusion-text fusion-text-2\"><p>Im Downloadbereich finden Sie n\u00fctzliche Hinweise zu den von Ihnen genutzten Produkten. Des Weiteren stehen Ihnen aktuelle Programmversionen, Releases, Hotfixes &amp; Patches sowie Anleitungen zum Download zur Verf\u00fcgung.<\/p>\n<\/div><\/div><\/div><\/div><div class=\"fusion-separator fusion-full-width-sep\" style=\"align-self: center;margin-left: auto;margin-right: auto;margin-bottom:20px;width:100%;\"><div class=\"fusion-separator-border sep-single sep-solid\" style=\"--awb-height:20px;--awb-amount:20px;border-color:#e2e2e2;border-top-width:1px;\"><\/div><\/div><div class=\"fusion-text fusion-text-3\"><p>Falls Sie Ihre Zugangsdaten vergessen haben, Hilfe ben\u00f6tigen oder Fragen zur Anmeldung in die Login-Bereiche haben, wenden Sie sich bitte an:<\/p>\n<p><strong>Aryza Service Desk<\/strong><br \/>\nTelefonische Hotline: +49 211 83869-222<\/p>\n<p>E-Mail: <a href=\"mailto:servicedesk@collenda.de\">servicedesk-de@aryza.com<\/a><\/p>\n<p><strong>Hinweis: <\/strong><\/p>\n<p>F\u00fcr Passwortanfragen zum Login verwenden Sie bitte immer zun\u00e4chst die Option <strong>Forgot your password<\/strong> (Passwort vergessen), um sich eigenst\u00e4ndig ein neues Passwort generieren zu lassen.<\/p>\n<\/div><\/div><\/div><div class=\"fusion-layout-column fusion_builder_column fusion-builder-column-2 fusion_builder_column_1_5 1_5 fusion-flex-column\" style=\"--awb-bg-size:cover;--awb-width-large:20%;--awb-margin-top-large:0px;--awb-spacing-right-large:9.6%;--awb-margin-bottom-large:20px;--awb-spacing-left-large:9.6%;--awb-width-medium:20%;--awb-order-medium:0;--awb-spacing-right-medium:9.6%;--awb-spacing-left-medium:9.6%;--awb-width-small:100%;--awb-order-small:0;--awb-spacing-right-small:1.92%;--awb-spacing-left-small:1.92%;\"><div class=\"fusion-column-wrapper fusion-column-has-shadow fusion-flex-justify-content-flex-start fusion-content-layout-column\"><\/div><\/div><\/div><\/div>\n","protected":false},"excerpt":{"rendered":"","protected":false},"author":1,"featured_media":0,"parent":0,"menu_order":0,"comment_status":"closed","ping_status":"closed","template":"","meta":{"footnotes":""},"class_list":["post-11258","page","type-page","status-publish","hentry"],"yoast_head":"<!-- This site is optimized with the Yoast SEO plugin v27.6 - https:\/\/yoast.com\/product\/yoast-seo-wordpress\/ -->\n<title>Service-Login - Collenda<\/title>\n<meta name=\"description\" content=\"Service Portal f\u00fcr technische Anfragen und Verbesserungsvorschl\u00e4ge. Download von aktuellen Programmversionen.\" \/>\n<meta name=\"robots\" content=\"noindex, follow, max-snippet:-1, max-image-preview:large, max-video-preview:-1\" \/>\n<meta property=\"og:locale\" content=\"de_DE\" \/>\n<meta property=\"og:type\" content=\"article\" \/>\n<meta property=\"og:title\" content=\"Service-Login - Collenda\" \/>\n<meta property=\"og:description\" content=\"Service Portal f\u00fcr technische Anfragen und Verbesserungsvorschl\u00e4ge. Download von aktuellen Programmversionen.\" \/>\n<meta property=\"og:url\" content=\"https:\/\/collenda.com\/de\/service-login\/\" \/>\n<meta property=\"og:site_name\" content=\"Collenda\" \/>\n<meta property=\"article:modified_time\" content=\"2025-09-01T10:13:26+00:00\" \/>\n<meta name=\"twitter:card\" content=\"summary_large_image\" \/>\n<meta name=\"twitter:label1\" content=\"Gesch\u00e4tzte Lesezeit\" \/>\n\t<meta name=\"twitter:data1\" content=\"1\u00a0Minute\" \/>\n<script type=\"application\/ld+json\" class=\"yoast-schema-graph\">{\"@context\":\"https:\\\/\\\/schema.org\",\"@graph\":[{\"@type\":\"WebPage\",\"@id\":\"https:\\\/\\\/collenda.com\\\/de\\\/service-login\\\/\",\"url\":\"https:\\\/\\\/collenda.com\\\/de\\\/service-login\\\/\",\"name\":\"Service-Login - Collenda\",\"isPartOf\":{\"@id\":\"https:\\\/\\\/collenda.com\\\/de\\\/#website\"},\"datePublished\":\"2021-09-29T13:10:38+00:00\",\"dateModified\":\"2025-09-01T10:13:26+00:00\",\"description\":\"Service Portal f\u00fcr technische Anfragen und Verbesserungsvorschl\u00e4ge. Download von aktuellen Programmversionen.\",\"breadcrumb\":{\"@id\":\"https:\\\/\\\/collenda.com\\\/de\\\/service-login\\\/#breadcrumb\"},\"inLanguage\":\"de\",\"potentialAction\":[{\"@type\":\"ReadAction\",\"target\":[\"https:\\\/\\\/collenda.com\\\/de\\\/service-login\\\/\"]}]},{\"@type\":\"BreadcrumbList\",\"@id\":\"https:\\\/\\\/collenda.com\\\/de\\\/service-login\\\/#breadcrumb\",\"itemListElement\":[{\"@type\":\"ListItem\",\"position\":1,\"name\":\"Home\",\"item\":\"https:\\\/\\\/collenda.com\\\/de\\\/\"},{\"@type\":\"ListItem\",\"position\":2,\"name\":\"Service-Login\"}]},{\"@type\":\"WebSite\",\"@id\":\"https:\\\/\\\/collenda.com\\\/de\\\/#website\",\"url\":\"https:\\\/\\\/collenda.com\\\/de\\\/\",\"name\":\"Collenda\",\"description\":\"\",\"potentialAction\":[{\"@type\":\"SearchAction\",\"target\":{\"@type\":\"EntryPoint\",\"urlTemplate\":\"https:\\\/\\\/collenda.com\\\/de\\\/?s={search_term_string}\"},\"query-input\":{\"@type\":\"PropertyValueSpecification\",\"valueRequired\":true,\"valueName\":\"search_term_string\"}}],\"inLanguage\":\"de\"}]}<\/script>\n<!-- \/ Yoast SEO plugin. -->","yoast_head_json":{"title":"Service-Login - Collenda","description":"Service Portal f\u00fcr technische Anfragen und Verbesserungsvorschl\u00e4ge. Download von aktuellen Programmversionen.","robots":{"index":"noindex","follow":"follow","max-snippet":"max-snippet:-1","max-image-preview":"max-image-preview:large","max-video-preview":"max-video-preview:-1"},"og_locale":"de_DE","og_type":"article","og_title":"Service-Login - Collenda","og_description":"Service Portal f\u00fcr technische Anfragen und Verbesserungsvorschl\u00e4ge. Download von aktuellen Programmversionen.","og_url":"https:\/\/collenda.com\/de\/service-login\/","og_site_name":"Collenda","article_modified_time":"2025-09-01T10:13:26+00:00","twitter_card":"summary_large_image","twitter_misc":{"Gesch\u00e4tzte Lesezeit":"1\u00a0Minute"},"schema":{"@context":"https:\/\/schema.org","@graph":[{"@type":"WebPage","@id":"https:\/\/collenda.com\/de\/service-login\/","url":"https:\/\/collenda.com\/de\/service-login\/","name":"Service-Login - Collenda","isPartOf":{"@id":"https:\/\/collenda.com\/de\/#website"},"datePublished":"2021-09-29T13:10:38+00:00","dateModified":"2025-09-01T10:13:26+00:00","description":"Service Portal f\u00fcr technische Anfragen und Verbesserungsvorschl\u00e4ge. Download von aktuellen Programmversionen.","breadcrumb":{"@id":"https:\/\/collenda.com\/de\/service-login\/#breadcrumb"},"inLanguage":"de","potentialAction":[{"@type":"ReadAction","target":["https:\/\/collenda.com\/de\/service-login\/"]}]},{"@type":"BreadcrumbList","@id":"https:\/\/collenda.com\/de\/service-login\/#breadcrumb","itemListElement":[{"@type":"ListItem","position":1,"name":"Home","item":"https:\/\/collenda.com\/de\/"},{"@type":"ListItem","position":2,"name":"Service-Login"}]},{"@type":"WebSite","@id":"https:\/\/collenda.com\/de\/#website","url":"https:\/\/collenda.com\/de\/","name":"Collenda","description":"","potentialAction":[{"@type":"SearchAction","target":{"@type":"EntryPoint","urlTemplate":"https:\/\/collenda.com\/de\/?s={search_term_string}"},"query-input":{"@type":"PropertyValueSpecification","valueRequired":true,"valueName":"search_term_string"}}],"inLanguage":"de"}]}},"_links":{"self":[{"href":"https:\/\/collenda.com\/de\/wp-json\/wp\/v2\/pages\/11258","targetHints":{"allow":["GET"]}}],"collection":[{"href":"https:\/\/collenda.com\/de\/wp-json\/wp\/v2\/pages"}],"about":[{"href":"https:\/\/collenda.com\/de\/wp-json\/wp\/v2\/types\/page"}],"author":[{"embeddable":true,"href":"https:\/\/collenda.com\/de\/wp-json\/wp\/v2\/users\/1"}],"replies":[{"embeddable":true,"href":"https:\/\/collenda.com\/de\/wp-json\/wp\/v2\/comments?post=11258"}],"version-history":[{"count":5,"href":"https:\/\/collenda.com\/de\/wp-json\/wp\/v2\/pages\/11258\/revisions"}],"predecessor-version":[{"id":22064,"href":"https:\/\/collenda.com\/de\/wp-json\/wp\/v2\/pages\/11258\/revisions\/22064"}],"wp:attachment":[{"href":"https:\/\/collenda.com\/de\/wp-json\/wp\/v2\/media?parent=11258"}],"curies":[{"name":"wp","href":"https:\/\/api.w.org\/{rel}","templated":true}]}}